{"id":500,"date":"2026-03-29T11:57:27","date_gmt":"2026-03-29T11:57:27","guid":{"rendered":"https:\/\/elkelaleman.dk\/?page_id=500"},"modified":"2026-03-30T13:58:29","modified_gmt":"2026-03-30T13:58:29","slug":"touring","status":"publish","type":"page","link":"https:\/\/elkelaleman.dk\/da\/touring","title":{"rendered":"Turne"},"content":{"rendered":"<p>Jeg elsker teater og jeg elsker at rejse, og for mig er turne en kombination af de to. Om det er skoleturne til lokale gymnastiksale eller en interkontinental turne til et k\u00e6mpestor teater i en af verdens storbyer, jeg elsker det. Min f\u00f8rste turne var som scenemester i 1996, nu er det blevet som produktionsleder og tekniker. Turne hedder ATA carnet, fragt, lang distance k\u00f8rsel og f\u00e6rger. Eller fly og kasser og lidt reparation ved ankomst.<\/p>\n\n\n\n<p>For tiden rejser jeg n\u00e6sten kun med forestillinger jeg selv har v\u00e6ret med til at lave rejseklar, s\u00e5 jeg har fuld overblik over hvad jeg har med i bilen.<\/p>\n\n\n\n<p>Som produktionsleder har jeg rejst med New International Encounter fra 2005 indtil 2015, og med Aaben Dans fra 2015 indtil nu.<\/p>\n\n\n\n<div style=\"height:60px\" aria-hidden=\"true\" class=\"wp-block-spacer\"><\/div>\n\n\n\n<figure class=\"wp-block-image size-large\"><img loading=\"lazy\" decoding=\"async\" width=\"1024\" height=\"439\" src=\"https:\/\/elkelaleman.dk\/wp-content\/uploads\/2026\/03\/world-2-1024x439.png\" alt=\"\" class=\"wp-image-510\" srcset=\"https:\/\/elkelaleman.dk\/wp-content\/uploads\/2026\/03\/world-2-1024x439.png 1024w, https:\/\/elkelaleman.dk\/wp-content\/uploads\/2026\/03\/world-2-300x129.png 300w, https:\/\/elkelaleman.dk\/wp-content\/uploads\/2026\/03\/world-2-768x329.png 768w, https:\/\/elkelaleman.dk\/wp-content\/uploads\/2026\/03\/world-2-1536x658.png 1536w, https:\/\/elkelaleman.dk\/wp-content\/uploads\/2026\/03\/world-2-500x214.png 500w, https:\/\/elkelaleman.dk\/wp-content\/uploads\/2026\/03\/world-2-800x343.png 800w, https:\/\/elkelaleman.dk\/wp-content\/uploads\/2026\/03\/world-2-1280x548.png 1280w, https:\/\/elkelaleman.dk\/wp-content\/uploads\/2026\/03\/world-2-1920x823.png 1920w, https:\/\/elkelaleman.dk\/wp-content\/uploads\/2026\/03\/world-2.png 2000w\" sizes=\"auto, (max-width: 1024px) 100vw, 1024px\" \/><\/figure>","protected":false},"excerpt":{"rendered":"<p>I love theatre and I love travel, ergo I love touring. From local gym halls to beautiful red velvet theatres, I&#8217;ve taken shows around the world since 1996, first as a stage manager, later as a production manager. Touring is ATA carnets, freight, long distance driving and ferries. These days I almost only tour shows [&hellip;]<\/p>\n","protected":false},"author":1,"featured_media":0,"parent":0,"menu_order":0,"comment_status":"closed","ping_status":"closed","template":"","meta":{"_vp_format_video_url":"","_vp_image_focal_point":[],"_vp_custom_popup_image":0,"_vp_format_audio_url":"","_vp_album_images":[],"_vp_custom_thumbnail":0,"_vp_custom_thumbnail_focal_point":[],"_vp_custom_thumbnail_cover":0,"_vp_hover_thumbnail":0,"_vp_hover_thumbnail_focal_point":[],"footnotes":""},"class_list":["post-500","page","type-page","status-publish","hentry"],"_links":{"self":[{"href":"https:\/\/elkelaleman.dk\/da\/wp-json\/wp\/v2\/pages\/500","targetHints":{"allow":["GET"]}}],"collection":[{"href":"https:\/\/elkelaleman.dk\/da\/wp-json\/wp\/v2\/pages"}],"about":[{"href":"https:\/\/elkelaleman.dk\/da\/wp-json\/wp\/v2\/types\/page"}],"author":[{"embeddable":true,"href":"https:\/\/elkelaleman.dk\/da\/wp-json\/wp\/v2\/users\/1"}],"replies":[{"embeddable":true,"href":"https:\/\/elkelaleman.dk\/da\/wp-json\/wp\/v2\/comments?post=500"}],"version-history":[{"count":4,"href":"https:\/\/elkelaleman.dk\/da\/wp-json\/wp\/v2\/pages\/500\/revisions"}],"predecessor-version":[{"id":631,"href":"https:\/\/elkelaleman.dk\/da\/wp-json\/wp\/v2\/pages\/500\/revisions\/631"}],"wp:attachment":[{"href":"https:\/\/elkelaleman.dk\/da\/wp-json\/wp\/v2\/media?parent=500"}],"curies":[{"name":"wp","href":"https:\/\/api.w.org\/{rel}","templated":true}]}}