{"id":68,"date":"2026-03-25T10:20:08","date_gmt":"2026-03-25T10:20:08","guid":{"rendered":"https:\/\/elkelaleman.dk\/?page_id=68"},"modified":"2026-03-25T10:38:12","modified_gmt":"2026-03-25T10:38:12","slug":"production-management","status":"publish","type":"page","link":"https:\/\/elkelaleman.dk\/da\/production-management","title":{"rendered":"Produktionsledelse"},"content":{"rendered":"<p>Produktionsledelse var p\u00e5 en m\u00e5de en naturlig n\u00e6ste skridt efter at have v\u00e6ret scenemester i mange \u00e5r. Jeg var klar til at tage mere ansvar og elsker at have overblik over hele processen og guide det hen til hvor det skal hen, om det er en premiere, en turne eller en festival.<\/p>","protected":false},"excerpt":{"rendered":"<p>Production management came as a natural next step after stage management. Again, there was a shortage of people, I felt like I had the skills, and I gave it a go. I like being very close to the process and still having the feeling of somehow being artistically involved in producing a live event, whether [&hellip;]<\/p>\n","protected":false},"author":1,"featured_media":0,"parent":0,"menu_order":2,"comment_status":"closed","ping_status":"closed","template":"","meta":{"_vp_format_video_url":"","_vp_image_focal_point":[],"_vp_custom_popup_image":0,"_vp_format_audio_url":"","_vp_album_images":[],"_vp_custom_thumbnail":0,"_vp_custom_thumbnail_focal_point":[],"_vp_custom_thumbnail_cover":0,"_vp_hover_thumbnail":0,"_vp_hover_thumbnail_focal_point":[],"footnotes":""},"class_list":["post-68","page","type-page","status-publish","hentry"],"_links":{"self":[{"href":"https:\/\/elkelaleman.dk\/da\/wp-json\/wp\/v2\/pages\/68","targetHints":{"allow":["GET"]}}],"collection":[{"href":"https:\/\/elkelaleman.dk\/da\/wp-json\/wp\/v2\/pages"}],"about":[{"href":"https:\/\/elkelaleman.dk\/da\/wp-json\/wp\/v2\/types\/page"}],"author":[{"embeddable":true,"href":"https:\/\/elkelaleman.dk\/da\/wp-json\/wp\/v2\/users\/1"}],"replies":[{"embeddable":true,"href":"https:\/\/elkelaleman.dk\/da\/wp-json\/wp\/v2\/comments?post=68"}],"version-history":[{"count":1,"href":"https:\/\/elkelaleman.dk\/da\/wp-json\/wp\/v2\/pages\/68\/revisions"}],"predecessor-version":[{"id":69,"href":"https:\/\/elkelaleman.dk\/da\/wp-json\/wp\/v2\/pages\/68\/revisions\/69"}],"wp:attachment":[{"href":"https:\/\/elkelaleman.dk\/da\/wp-json\/wp\/v2\/media?parent=68"}],"curies":[{"name":"wp","href":"https:\/\/api.w.org\/{rel}","templated":true}]}}