{"id":71,"date":"2026-03-25T10:25:23","date_gmt":"2026-03-25T10:25:23","guid":{"rendered":"https:\/\/elkelaleman.dk\/?page_id=71"},"modified":"2026-03-25T10:38:18","modified_gmt":"2026-03-25T10:38:18","slug":"operator","status":"publish","type":"page","link":"https:\/\/elkelaleman.dk\/da\/operator","title":{"rendered":"Afvikling"},"content":{"rendered":"<p>Den f\u00f8rste forestilling jeg afviklede var i et lille teater ovenp\u00e5 en pub i London. Jeg blev spurgt om jeg kunne afvikle og jeg sagde ja. Det var et lille l\u00f8gn. Jeg havde aldrig afviklede f\u00f8r, men jeg var ikke bange for computere s\u00e5 jeg var sikker p\u00e5 det nok skulle g\u00e5. Forestillingen havde det hele: lys, lyd og video. Og det hele var manuelt - \u00e5ret var 2002 og det var et lille teater med begr\u00e6nset udstyr. Jeg elskede det.<\/p>\n<p>Det var nervepirrende men det var s\u00e5 sjovt! Jeg f\u00f8lte mig som et barn med nyt leget\u00f8j. Jeg boede i London i 4 \u00e5r, var til pr\u00f8ver om dagen og afviklede om aften. Det var mega fedt. Og mega udmattende.<\/p>","protected":false},"excerpt":{"rendered":"<p>The first show I operated was at a pub venue in London. I was asked if I knew how to operate a show and answered yes. This was a lie. I had never done anything like it before in my life. But I figured that since I was good with computers and machines, I would [&hellip;]<\/p>\n","protected":false},"author":1,"featured_media":0,"parent":0,"menu_order":3,"comment_status":"closed","ping_status":"closed","template":"","meta":{"_vp_format_video_url":"","_vp_image_focal_point":[],"_vp_custom_popup_image":0,"_vp_format_audio_url":"","_vp_album_images":[],"_vp_custom_thumbnail":0,"_vp_custom_thumbnail_focal_point":[],"_vp_custom_thumbnail_cover":0,"_vp_hover_thumbnail":0,"_vp_hover_thumbnail_focal_point":[],"footnotes":""},"class_list":["post-71","page","type-page","status-publish","hentry"],"_links":{"self":[{"href":"https:\/\/elkelaleman.dk\/da\/wp-json\/wp\/v2\/pages\/71","targetHints":{"allow":["GET"]}}],"collection":[{"href":"https:\/\/elkelaleman.dk\/da\/wp-json\/wp\/v2\/pages"}],"about":[{"href":"https:\/\/elkelaleman.dk\/da\/wp-json\/wp\/v2\/types\/page"}],"author":[{"embeddable":true,"href":"https:\/\/elkelaleman.dk\/da\/wp-json\/wp\/v2\/users\/1"}],"replies":[{"embeddable":true,"href":"https:\/\/elkelaleman.dk\/da\/wp-json\/wp\/v2\/comments?post=71"}],"version-history":[{"count":1,"href":"https:\/\/elkelaleman.dk\/da\/wp-json\/wp\/v2\/pages\/71\/revisions"}],"predecessor-version":[{"id":72,"href":"https:\/\/elkelaleman.dk\/da\/wp-json\/wp\/v2\/pages\/71\/revisions\/72"}],"wp:attachment":[{"href":"https:\/\/elkelaleman.dk\/da\/wp-json\/wp\/v2\/media?parent=71"}],"curies":[{"name":"wp","href":"https:\/\/api.w.org\/{rel}","templated":true}]}}