{"id":73,"date":"2026-03-25T10:35:13","date_gmt":"2026-03-25T10:35:13","guid":{"rendered":"https:\/\/elkelaleman.dk\/?page_id=73"},"modified":"2026-03-25T10:38:28","modified_gmt":"2026-03-25T10:38:28","slug":"the-early-days","status":"publish","type":"page","link":"https:\/\/elkelaleman.dk\/da\/the-early-days","title":{"rendered":"De f\u00f8rste \u00e5r"},"content":{"rendered":"<p>Jeg blev f\u00e6rdiguddannet som teaterinstrukt\u00f8r i 1996 og gik i gang som assistent instrukt\u00f8r med det samme. Jeg arbejdede med opera - b\u00e5de som assistent og som instrukt\u00f8r i nogle \u00e5r f\u00f8r jeg fik \u00f8je p\u00e5 scenemesteren. Det virkede som om deres job var sjovere end mit. S\u00e5 p\u00e5 n\u00e6ste produktion skiftede jeg fra assistent til scenemester og startede p\u00e5 en vej som f\u00f8rte mig ind bag scenen, hvor jeg f\u00f8lte mig meget mere direkte forbundet med forestillingerne.<\/p>\n<p>Men som ung nyuddannet var der ikke s\u00e5 mange jobs, og da jeg blev tilbudt et job som journalist og anmelder da jeg var 24, s\u00e5 sagde jeg ja tak. En meget dygtig redakt\u00f8r guidede mig igennem de f\u00f8rste par m\u00e5neder og s\u00e5 var jeg af sted til alle landets premierer og interviewede en masse teaterfolk.<\/p>\n<p>Efter at have set 4 forestillinger om ugen i 2 \u00e5r, blev jeg lidt utilfreds med det teater jeg s\u00e5 og bestemte mig for at lave om p\u00e5 alt. Jeg flyttede til London. Tanken var at finde hvilket som helst job, arbejde indtil jeg havde nok penge til at rejse et eksotisk sted hen, tage af sted of udforske verden, vende tilbage n\u00e5r pengene var brugte, og s\u00e5 det samme igen.<\/p>\n<p>Den plan holdt i 3 m\u00e5neder - s\u00e5 endte jeg i teater igen inden jeg havde n\u00e5et at rejse l\u00e6ngere end det n\u00e6ste kvarter i London, og en college i Oxford.<\/p>","protected":false},"excerpt":{"rendered":"<p>I graduated in 1996 as a theatre director, and started working as an assistant director. I worked on a few operas and directed a few semi professional operettas and an opera &#8211; all before I turned 23. During my work as an assistant director I started noticing the stage managers. And I felt like their [&hellip;]<\/p>\n","protected":false},"author":1,"featured_media":0,"parent":0,"menu_order":4,"comment_status":"closed","ping_status":"closed","template":"","meta":{"_vp_format_video_url":"","_vp_image_focal_point":[],"_vp_custom_popup_image":0,"_vp_format_audio_url":"","_vp_album_images":[],"_vp_custom_thumbnail":0,"_vp_custom_thumbnail_focal_point":[],"_vp_custom_thumbnail_cover":0,"_vp_hover_thumbnail":0,"_vp_hover_thumbnail_focal_point":[],"footnotes":""},"class_list":["post-73","page","type-page","status-publish","hentry"],"_links":{"self":[{"href":"https:\/\/elkelaleman.dk\/da\/wp-json\/wp\/v2\/pages\/73","targetHints":{"allow":["GET"]}}],"collection":[{"href":"https:\/\/elkelaleman.dk\/da\/wp-json\/wp\/v2\/pages"}],"about":[{"href":"https:\/\/elkelaleman.dk\/da\/wp-json\/wp\/v2\/types\/page"}],"author":[{"embeddable":true,"href":"https:\/\/elkelaleman.dk\/da\/wp-json\/wp\/v2\/users\/1"}],"replies":[{"embeddable":true,"href":"https:\/\/elkelaleman.dk\/da\/wp-json\/wp\/v2\/comments?post=73"}],"version-history":[{"count":1,"href":"https:\/\/elkelaleman.dk\/da\/wp-json\/wp\/v2\/pages\/73\/revisions"}],"predecessor-version":[{"id":74,"href":"https:\/\/elkelaleman.dk\/da\/wp-json\/wp\/v2\/pages\/73\/revisions\/74"}],"wp:attachment":[{"href":"https:\/\/elkelaleman.dk\/da\/wp-json\/wp\/v2\/media?parent=73"}],"curies":[{"name":"wp","href":"https:\/\/api.w.org\/{rel}","templated":true}]}}